{"id":140,"date":"2016-09-03T18:40:34","date_gmt":"2016-09-03T21:40:34","guid":{"rendered":"https:\/\/uniavanti.com.br\/portal\/?page_id=140"},"modified":"2026-02-19T11:48:22","modified_gmt":"2026-02-19T14:48:22","slug":"estoque","status":"publish","type":"page","link":"https:\/\/uniavanti.com.br\/portal\/estoque\/","title":{"rendered":"Estoque"},"content":{"rendered":"\t\t<div data-elementor-type=\"wp-page\" data-elementor-id=\"140\" class=\"elementor elementor-140\">\n\t\t\t\t<div class=\"elementor-element elementor-element-6571939 e-flex e-con-boxed e-con e-parent\" data-id=\"6571939\" data-element_type=\"container\" data-e-type=\"container\" data-settings=\"{&quot;background_background&quot;:&quot;gradient&quot;}\">\n\t\t\t\t\t<div class=\"e-con-inner\">\n\t\t<div class=\"elementor-element elementor-element-beed724 e-con-full e-flex e-con e-child\" data-id=\"beed724\" data-element_type=\"container\" data-e-type=\"container\" data-settings=\"{&quot;background_background&quot;:&quot;gradient&quot;}\">\n\t\t<div class=\"elementor-element elementor-element-fd393a4 e-con-full e-flex e-con e-child\" data-id=\"fd393a4\" data-element_type=\"container\" data-e-type=\"container\">\n\t\t\t\t<div class=\"elementor-element elementor-element-bd9d25f elementor-widget elementor-widget-heading\" data-id=\"bd9d25f\" data-element_type=\"widget\" data-e-type=\"widget\" data-widget_type=\"heading.default\">\n\t\t\t\t<div class=\"elementor-widget-container\">\n\t\t\t\t\t<h2 class=\"elementor-heading-title elementor-size-default\">ESTOQUE<\/h2>\t\t\t\t<\/div>\n\t\t\t\t<\/div>\n\t\t\t\t<div class=\"elementor-element elementor-element-420dd20 elementor-icon-list--layout-traditional elementor-list-item-link-full_width elementor-widget elementor-widget-icon-list\" data-id=\"420dd20\" data-element_type=\"widget\" data-e-type=\"widget\" data-widget_type=\"icon-list.default\">\n\t\t\t\t<div class=\"elementor-widget-container\">\n\t\t\t\t\t\t\t<ul class=\"elementor-icon-list-items\">\n\t\t\t\t\t\t\t<li class=\"elementor-icon-list-item\">\n\t\t\t\t\t\t\t\t\t\t\t<span class=\"elementor-icon-list-icon\">\n\t\t\t\t\t\t\t<svg aria-hidden=\"true\" class=\"e-font-icon-svg e-fas-angle-right\" viewBox=\"0 0 256 512\" xmlns=\"http:\/\/www.w3.org\/2000\/svg\"><path d=\"M224.3 273l-136 136c-9.4 9.4-24.6 9.4-33.9 0l-22.6-22.6c-9.4-9.4-9.4-24.6 0-33.9l96.4-96.4-96.4-96.4c-9.4-9.4-9.4-24.6 0-33.9L54.3 103c9.4-9.4 24.6-9.4 33.9 0l136 136c9.5 9.4 9.5 24.6.1 34z\"><\/path><\/svg>\t\t\t\t\t\t<\/span>\n\t\t\t\t\t\t\t\t\t\t<span class=\"elementor-icon-list-text\">Ao utilizar o Uniavanti, voc\u00ea poder\u00e1 registrar toda a movimenta\u00e7\u00e3o do seu estoque de forma autom\u00e1tica com integra\u00e7\u00e3o entre o compra e venda.<\/span>\n\t\t\t\t\t\t\t\t\t<\/li>\n\t\t\t\t\t\t\t\t<li class=\"elementor-icon-list-item\">\n\t\t\t\t\t\t\t\t\t\t\t<span class=\"elementor-icon-list-icon\">\n\t\t\t\t\t\t\t<svg aria-hidden=\"true\" class=\"e-font-icon-svg e-fas-angle-double-right\" viewBox=\"0 0 448 512\" xmlns=\"http:\/\/www.w3.org\/2000\/svg\"><path d=\"M224.3 273l-136 136c-9.4 9.4-24.6 9.4-33.9 0l-22.6-22.6c-9.4-9.4-9.4-24.6 0-33.9l96.4-96.4-96.4-96.4c-9.4-9.4-9.4-24.6 0-33.9L54.3 103c9.4-9.4 24.6-9.4 33.9 0l136 136c9.5 9.4 9.5 24.6.1 34zm192-34l-136-136c-9.4-9.4-24.6-9.4-33.9 0l-22.6 22.6c-9.4 9.4-9.4 24.6 0 33.9l96.4 96.4-96.4 96.4c-9.4 9.4-9.4 24.6 0 33.9l22.6 22.6c9.4 9.4 24.6 9.4 33.9 0l136-136c9.4-9.2 9.4-24.4 0-33.8z\"><\/path><\/svg>\t\t\t\t\t\t<\/span>\n\t\t\t\t\t\t\t\t\t\t<span class=\"elementor-icon-list-text\">Tenha informa\u00e7\u00f5es detalhadas sobre todas as entradas e sa\u00eddas de mercadorias e acompanhe quais pedidos de compra voc\u00ea ainda tem que receber, al\u00e9m dos pedidos de venda que precisam ser entregues e ordens de produ\u00e7\u00e3o que est\u00e3o sendo fabricadas.<\/span>\n\t\t\t\t\t\t\t\t\t<\/li>\n\t\t\t\t\t\t\t\t<li class=\"elementor-icon-list-item\">\n\t\t\t\t\t\t\t\t\t\t\t<span class=\"elementor-icon-list-icon\">\n\t\t\t\t\t\t\t<svg aria-hidden=\"true\" class=\"e-font-icon-svg e-fas-angle-right\" viewBox=\"0 0 256 512\" xmlns=\"http:\/\/www.w3.org\/2000\/svg\"><path d=\"M224.3 273l-136 136c-9.4 9.4-24.6 9.4-33.9 0l-22.6-22.6c-9.4-9.4-9.4-24.6 0-33.9l96.4-96.4-96.4-96.4c-9.4-9.4-9.4-24.6 0-33.9L54.3 103c9.4-9.4 24.6-9.4 33.9 0l136 136c9.5 9.4 9.5 24.6.1 34z\"><\/path><\/svg>\t\t\t\t\t\t<\/span>\n\t\t\t\t\t\t\t\t\t\t<span class=\"elementor-icon-list-text\">A qualquer momento, consulte o seu estoque para saber exatamente quanta mercadoria voc\u00ea ainda possui e quais precisam ser reabastecidas.<\/span>\n\t\t\t\t\t\t\t\t\t<\/li>\n\t\t\t\t\t\t<\/ul>\n\t\t\t\t\t\t<\/div>\n\t\t\t\t<\/div>\n\t\t\t\t<\/div>\n\t\t<div class=\"elementor-element elementor-element-18a49bc e-con-full e-flex e-con e-child\" data-id=\"18a49bc\" data-element_type=\"container\" data-e-type=\"container\">\n\t\t<div class=\"elementor-element elementor-element-8dc32fa e-con-full e-flex e-con e-child\" data-id=\"8dc32fa\" data-element_type=\"container\" data-e-type=\"container\">\n\t\t\t\t<div class=\"elementor-element elementor-element-7dfe7fd elementor-view-stacked elementor-shape-circle elementor-widget elementor-widget-icon\" data-id=\"7dfe7fd\" data-element_type=\"widget\" data-e-type=\"widget\" data-widget_type=\"icon.default\">\n\t\t\t\t<div class=\"elementor-widget-container\">\n\t\t\t\t\t\t\t<div class=\"elementor-icon-wrapper\">\n\t\t\t<div class=\"elementor-icon\">\n\t\t\t<svg aria-hidden=\"true\" class=\"e-font-icon-svg e-fas-clipboard-list\" viewBox=\"0 0 384 512\" xmlns=\"http:\/\/www.w3.org\/2000\/svg\"><path d=\"M336 64h-80c0-35.3-28.7-64-64-64s-64 28.7-64 64H48C21.5 64 0 85.5 0 112v352c0 26.5 21.5 48 48 48h288c26.5 0 48-21.5 48-48V112c0-26.5-21.5-48-48-48zM96 424c-13.3 0-24-10.7-24-24s10.7-24 24-24 24 10.7 24 24-10.7 24-24 24zm0-96c-13.3 0-24-10.7-24-24s10.7-24 24-24 24 10.7 24 24-10.7 24-24 24zm0-96c-13.3 0-24-10.7-24-24s10.7-24 24-24 24 10.7 24 24-10.7 24-24 24zm96-192c13.3 0 24 10.7 24 24s-10.7 24-24 24-24-10.7-24-24 10.7-24 24-24zm128 368c0 4.4-3.6 8-8 8H168c-4.4 0-8-3.6-8-8v-16c0-4.4 3.6-8 8-8h144c4.4 0 8 3.6 8 8v16zm0-96c0 4.4-3.6 8-8 8H168c-4.4 0-8-3.6-8-8v-16c0-4.4 3.6-8 8-8h144c4.4 0 8 3.6 8 8v16zm0-96c0 4.4-3.6 8-8 8H168c-4.4 0-8-3.6-8-8v-16c0-4.4 3.6-8 8-8h144c4.4 0 8 3.6 8 8v16z\"><\/path><\/svg>\t\t\t<\/div>\n\t\t<\/div>\n\t\t\t\t\t\t<\/div>\n\t\t\t\t<\/div>\n\t\t\t\t<div class=\"elementor-element elementor-element-f894b21 elementor-widget elementor-widget-heading\" data-id=\"f894b21\" data-element_type=\"widget\" data-e-type=\"widget\" data-widget_type=\"heading.default\">\n\t\t\t\t<div class=\"elementor-widget-container\">\n\t\t\t\t\t<h2 class=\"elementor-heading-title elementor-size-default\">MRP<\/h2>\t\t\t\t<\/div>\n\t\t\t\t<\/div>\n\t\t\t\t<div class=\"elementor-element elementor-element-c686908 elementor-widget elementor-widget-text-editor\" data-id=\"c686908\" data-element_type=\"widget\" data-e-type=\"widget\" data-widget_type=\"text-editor.default\">\n\t\t\t\t<div class=\"elementor-widget-container\">\n\t\t\t\t\t\t\t\t\t<p>Com o recurso de MRP voc\u00ea poder\u00e1 cadastrar itens que s\u00e3o composi\u00e7\u00e3o de outros itens ou insumos\/mat\u00e9rias-primas e produz\u00ed-los diretamente pelo seu sistema. Esta funcionalidade tem uma importante relev\u00e2ncia para os segmentos que vendem produtos de fabrica\u00e7\u00e3o pr\u00f3pria, como padarias, marcenarias e outros. Fa\u00e7a a gest\u00e3o integrada, r\u00e1pida e f\u00e1cil de seus insumos\/mat\u00e9rias-primas e produtos acabados prontos para a venda.<\/p>\t\t\t\t\t\t\t\t<\/div>\n\t\t\t\t<\/div>\n\t\t\t\t<\/div>\n\t\t<div class=\"elementor-element elementor-element-c6983fe e-con-full e-flex e-con e-child\" data-id=\"c6983fe\" data-element_type=\"container\" data-e-type=\"container\">\n\t\t\t\t<div class=\"elementor-element elementor-element-2285ac2 elementor-view-stacked elementor-shape-circle elementor-widget elementor-widget-icon\" data-id=\"2285ac2\" data-element_type=\"widget\" data-e-type=\"widget\" data-widget_type=\"icon.default\">\n\t\t\t\t<div class=\"elementor-widget-container\">\n\t\t\t\t\t\t\t<div class=\"elementor-icon-wrapper\">\n\t\t\t<div class=\"elementor-icon\">\n\t\t\t<svg aria-hidden=\"true\" class=\"e-font-icon-svg e-fas-dolly-flatbed\" viewBox=\"0 0 640 512\" xmlns=\"http:\/\/www.w3.org\/2000\/svg\"><path d=\"M208 320h384c8.8 0 16-7.2 16-16V48c0-8.8-7.2-16-16-16H448v128l-48-32-48 32V32H208c-8.8 0-16 7.2-16 16v256c0 8.8 7.2 16 16 16zm416 64H128V16c0-8.8-7.2-16-16-16H16C7.2 0 0 7.2 0 16v32c0 8.8 7.2 16 16 16h48v368c0 8.8 7.2 16 16 16h82.9c-1.8 5-2.9 10.4-2.9 16 0 26.5 21.5 48 48 48s48-21.5 48-48c0-5.6-1.2-11-2.9-16H451c-1.8 5-2.9 10.4-2.9 16 0 26.5 21.5 48 48 48s48-21.5 48-48c0-5.6-1.2-11-2.9-16H624c8.8 0 16-7.2 16-16v-32c0-8.8-7.2-16-16-16z\"><\/path><\/svg>\t\t\t<\/div>\n\t\t<\/div>\n\t\t\t\t\t\t<\/div>\n\t\t\t\t<\/div>\n\t\t\t\t<div class=\"elementor-element elementor-element-5bfa1b7 elementor-widget elementor-widget-heading\" data-id=\"5bfa1b7\" data-element_type=\"widget\" data-e-type=\"widget\" data-widget_type=\"heading.default\">\n\t\t\t\t<div class=\"elementor-widget-container\">\n\t\t\t\t\t<h2 class=\"elementor-heading-title elementor-size-default\">MOVIMENTA\u00c7\u00c3O<\/h2>\t\t\t\t<\/div>\n\t\t\t\t<\/div>\n\t\t\t\t<div class=\"elementor-element elementor-element-2410c4b elementor-widget elementor-widget-text-editor\" data-id=\"2410c4b\" data-element_type=\"widget\" data-e-type=\"widget\" data-widget_type=\"text-editor.default\">\n\t\t\t\t<div class=\"elementor-widget-container\">\n\t\t\t\t\t\t\t\t\t<p>Com o recurso de Movimenta\u00e7\u00e3o de estoque voc\u00ea poder\u00e1 fazer a gest\u00e3o e o controle completo das movimenta\u00e7\u00f5es do itens de seu(s) estoque(s). Movimenta\u00e7\u00f5es como entradas, sa\u00eddas, transfer\u00eancias e ajustes integradas a outros campos do seu neg\u00f3cio como financeiro e vendas.<\/p>\t\t\t\t\t\t\t\t<\/div>\n\t\t\t\t<\/div>\n\t\t\t\t<\/div>\n\t\t\t\t<\/div>\n\t\t<div class=\"elementor-element elementor-element-f8a1830 e-con-full e-flex e-con e-child\" data-id=\"f8a1830\" data-element_type=\"container\" data-e-type=\"container\">\n\t\t<div class=\"elementor-element elementor-element-6471017 e-con-full e-flex e-con e-child\" data-id=\"6471017\" data-element_type=\"container\" data-e-type=\"container\">\n\t\t\t\t<div class=\"elementor-element elementor-element-8b27242 elementor-view-stacked elementor-widget__width-inherit elementor-shape-circle elementor-widget elementor-widget-icon\" data-id=\"8b27242\" data-element_type=\"widget\" data-e-type=\"widget\" data-widget_type=\"icon.default\">\n\t\t\t\t<div class=\"elementor-widget-container\">\n\t\t\t\t\t\t\t<div class=\"elementor-icon-wrapper\">\n\t\t\t<div class=\"elementor-icon\">\n\t\t\t<svg aria-hidden=\"true\" class=\"e-font-icon-svg e-fas-user-plus\" viewBox=\"0 0 640 512\" xmlns=\"http:\/\/www.w3.org\/2000\/svg\"><path d=\"M624 208h-64v-64c0-8.8-7.2-16-16-16h-32c-8.8 0-16 7.2-16 16v64h-64c-8.8 0-16 7.2-16 16v32c0 8.8 7.2 16 16 16h64v64c0 8.8 7.2 16 16 16h32c8.8 0 16-7.2 16-16v-64h64c8.8 0 16-7.2 16-16v-32c0-8.8-7.2-16-16-16zm-400 48c70.7 0 128-57.3 128-128S294.7 0 224 0 96 57.3 96 128s57.3 128 128 128zm89.6 32h-16.7c-22.2 10.2-46.9 16-72.9 16s-50.6-5.8-72.9-16h-16.7C60.2 288 0 348.2 0 422.4V464c0 26.5 21.5 48 48 48h352c26.5 0 48-21.5 48-48v-41.6c0-74.2-60.2-134.4-134.4-134.4z\"><\/path><\/svg>\t\t\t<\/div>\n\t\t<\/div>\n\t\t\t\t\t\t<\/div>\n\t\t\t\t<\/div>\n\t\t\t\t<div class=\"elementor-element elementor-element-76f0833 elementor-widget elementor-widget-heading\" data-id=\"76f0833\" data-element_type=\"widget\" data-e-type=\"widget\" data-widget_type=\"heading.default\">\n\t\t\t\t<div class=\"elementor-widget-container\">\n\t\t\t\t\t<h2 class=\"elementor-heading-title elementor-size-default\">CADASTRO<\/h2>\t\t\t\t<\/div>\n\t\t\t\t<\/div>\n\t\t\t\t<div class=\"elementor-element elementor-element-876e4af elementor-widget elementor-widget-text-editor\" data-id=\"876e4af\" data-element_type=\"widget\" data-e-type=\"widget\" data-widget_type=\"text-editor.default\">\n\t\t\t\t<div class=\"elementor-widget-container\">\n\t\t\t\t\t\t\t\t\t<p>No m\u00f3dulo Cadastro voc\u00ea poder\u00e1 cadastrar todas as informa\u00e7\u00f5es referentes aos produtos do seu estoque e servi\u00e7os oferecidos pelo seu neg\u00f3cio. Cadastre informa\u00e7\u00f5es como Pre\u00e7o de Custo, Pre\u00e7o de Venda, Composi\u00e7\u00e3o, C\u00f3digo Fiscal, Marca, Modelo, al\u00e9m de poder habilitar o item para venda na Loja Virtual.<\/p>\t\t\t\t\t\t\t\t<\/div>\n\t\t\t\t<\/div>\n\t\t\t\t<\/div>\n\t\t<div class=\"elementor-element elementor-element-c00f4fc e-con-full e-flex e-con e-child\" data-id=\"c00f4fc\" data-element_type=\"container\" data-e-type=\"container\">\n\t\t\t\t<div class=\"elementor-element elementor-element-d4b0c76 elementor-view-stacked elementor-shape-circle elementor-widget elementor-widget-icon\" data-id=\"d4b0c76\" data-element_type=\"widget\" data-e-type=\"widget\" data-widget_type=\"icon.default\">\n\t\t\t\t<div class=\"elementor-widget-container\">\n\t\t\t\t\t\t\t<div class=\"elementor-icon-wrapper\">\n\t\t\t<div class=\"elementor-icon\">\n\t\t\t<svg aria-hidden=\"true\" class=\"e-font-icon-svg e-fas-file-alt\" viewBox=\"0 0 384 512\" xmlns=\"http:\/\/www.w3.org\/2000\/svg\"><path d=\"M224 136V0H24C10.7 0 0 10.7 0 24v464c0 13.3 10.7 24 24 24h336c13.3 0 24-10.7 24-24V160H248c-13.2 0-24-10.8-24-24zm64 236c0 6.6-5.4 12-12 12H108c-6.6 0-12-5.4-12-12v-8c0-6.6 5.4-12 12-12h168c6.6 0 12 5.4 12 12v8zm0-64c0 6.6-5.4 12-12 12H108c-6.6 0-12-5.4-12-12v-8c0-6.6 5.4-12 12-12h168c6.6 0 12 5.4 12 12v8zm0-72v8c0 6.6-5.4 12-12 12H108c-6.6 0-12-5.4-12-12v-8c0-6.6 5.4-12 12-12h168c6.6 0 12 5.4 12 12zm96-114.1v6.1H256V0h6.1c6.4 0 12.5 2.5 17 7l97.9 98c4.5 4.5 7 10.6 7 16.9z\"><\/path><\/svg>\t\t\t<\/div>\n\t\t<\/div>\n\t\t\t\t\t\t<\/div>\n\t\t\t\t<\/div>\n\t\t\t\t<div class=\"elementor-element elementor-element-b449c74 elementor-widget elementor-widget-heading\" data-id=\"b449c74\" data-element_type=\"widget\" data-e-type=\"widget\" data-widget_type=\"heading.default\">\n\t\t\t\t<div class=\"elementor-widget-container\">\n\t\t\t\t\t<h2 class=\"elementor-heading-title elementor-size-default\">RELAT\u00d3RIOS<\/h2>\t\t\t\t<\/div>\n\t\t\t\t<\/div>\n\t\t\t\t<div class=\"elementor-element elementor-element-d49d9b6 elementor-widget elementor-widget-text-editor\" data-id=\"d49d9b6\" data-element_type=\"widget\" data-e-type=\"widget\" data-widget_type=\"text-editor.default\">\n\t\t\t\t<div class=\"elementor-widget-container\">\n\t\t\t\t\t\t\t\t\t<p>Os nossos relat\u00f3rios foram feitos para que voc\u00ea possa acompanhar o desempenho de todo o seu neg\u00f3cio. Em poucos cliques tenha informa\u00e7\u00f5es espec\u00edficas de Vendas, Compras, Financeiro e Estoque. Identifique quem s\u00e3o os seus principais clientes, o volume de vendas totais em um determinado per\u00edodo, os itens com estoque por acabar, quais os produtos mais lucrativos e muitos outros relat\u00f3rios.<\/p>\t\t\t\t\t\t\t\t<\/div>\n\t\t\t\t<\/div>\n\t\t\t\t<\/div>\n\t\t\t\t<\/div>\n\t\t<div class=\"elementor-element elementor-element-a0d9702 e-con-full e-flex e-con e-child\" data-id=\"a0d9702\" data-element_type=\"container\" data-e-type=\"container\">\n\t\t\t\t<div class=\"elementor-element elementor-element-d5c1e82 elementor-align-center elementor-widget elementor-widget-button\" data-id=\"d5c1e82\" data-element_type=\"widget\" data-e-type=\"widget\" data-widget_type=\"button.default\">\n\t\t\t\t<div class=\"elementor-widget-container\">\n\t\t\t\t\t\t\t\t\t<div class=\"elementor-button-wrapper\">\n\t\t\t\t\t<a class=\"elementor-button elementor-button-link elementor-size-sm\" href=\"https:\/\/uniavanti.com.br\/portal#solucoes\">\n\t\t\t\t\t\t<span class=\"elementor-button-content-wrapper\">\n\t\t\t\t\t\t<span class=\"elementor-button-icon\">\n\t\t\t\t<svg aria-hidden=\"true\" class=\"e-font-icon-svg e-fas-angle-double-left\" viewBox=\"0 0 448 512\" xmlns=\"http:\/\/www.w3.org\/2000\/svg\"><path d=\"M223.7 239l136-136c9.4-9.4 24.6-9.4 33.9 0l22.6 22.6c9.4 9.4 9.4 24.6 0 33.9L319.9 256l96.4 96.4c9.4 9.4 9.4 24.6 0 33.9L393.7 409c-9.4 9.4-24.6 9.4-33.9 0l-136-136c-9.5-9.4-9.5-24.6-.1-34zm-192 34l136 136c9.4 9.4 24.6 9.4 33.9 0l22.6-22.6c9.4-9.4 9.4-24.6 0-33.9L127.9 256l96.4-96.4c9.4-9.4 9.4-24.6 0-33.9L201.7 103c-9.4-9.4-24.6-9.4-33.9 0l-136 136c-9.5 9.4-9.5 24.6-.1 34z\"><\/path><\/svg>\t\t\t<\/span>\n\t\t\t\t\t\t\t\t<\/span>\n\t\t\t\t\t<\/a>\n\t\t\t\t<\/div>\n\t\t\t\t\t\t\t\t<\/div>\n\t\t\t\t<\/div>\n\t\t\t\t<\/div>\n\t\t\t\t<\/div>\n\t\t\t\t\t<\/div>\n\t\t\t\t<\/div>\n\t\t\t\t<\/div>\n\t\t","protected":false},"excerpt":{"rendered":"<p>ESTOQUE Ao utilizar o Uniavanti, voc\u00ea poder\u00e1 registrar toda a movimenta\u00e7\u00e3o do seu estoque de forma autom\u00e1tica com integra\u00e7\u00e3o entre o compra e venda. Tenha informa\u00e7\u00f5es detalhadas sobre todas as entradas e sa\u00eddas de mercadorias e acompanhe quais pedidos de compra voc\u00ea ainda tem que receber, al\u00e9m dos pedidos de venda que precisam ser entregues [&hellip;]<\/p>\n","protected":false},"author":1,"featured_media":0,"parent":0,"menu_order":0,"comment_status":"closed","ping_status":"closed","template":"elementor_header_footer","meta":{"footnotes":""},"class_list":["post-140","page","type-page","status-publish","hentry"],"yoast_head":"<!-- This site is optimized with the Yoast SEO plugin v27.3 - https:\/\/yoast.com\/product\/yoast-seo-wordpress\/ -->\n<title>Estoque - Uniavanti<\/title>\n<meta name=\"robots\" content=\"index, follow, max-snippet:-1, max-image-preview:large, max-video-preview:-1\" \/>\n<link rel=\"canonical\" href=\"https:\/\/uniavanti.com.br\/portal\/estoque\/\" \/>\n<meta property=\"og:locale\" content=\"pt_BR\" \/>\n<meta property=\"og:type\" content=\"article\" \/>\n<meta property=\"og:title\" content=\"Estoque - Uniavanti\" \/>\n<meta property=\"og:description\" content=\"ESTOQUE Ao utilizar o Uniavanti, voc\u00ea poder\u00e1 registrar toda a movimenta\u00e7\u00e3o do seu estoque de forma autom\u00e1tica com integra\u00e7\u00e3o entre o compra e venda. Tenha informa\u00e7\u00f5es detalhadas sobre todas as entradas e sa\u00eddas de mercadorias e acompanhe quais pedidos de compra voc\u00ea ainda tem que receber, al\u00e9m dos pedidos de venda que precisam ser entregues [&hellip;]\" \/>\n<meta property=\"og:url\" content=\"https:\/\/uniavanti.com.br\/portal\/estoque\/\" \/>\n<meta property=\"og:site_name\" content=\"Uniavanti\" \/>\n<meta property=\"article:publisher\" content=\"https:\/\/www.facebook.com\/uniavanti\" \/>\n<meta property=\"article:modified_time\" content=\"2026-02-19T14:48:22+00:00\" \/>\n<meta name=\"twitter:card\" content=\"summary_large_image\" \/>\n<meta name=\"twitter:label1\" content=\"Est. tempo de leitura\" \/>\n\t<meta name=\"twitter:data1\" content=\"2 minutos\" \/>\n<script type=\"application\/ld+json\" class=\"yoast-schema-graph\">{\"@context\":\"https:\\\/\\\/schema.org\",\"@graph\":[{\"@type\":\"WebPage\",\"@id\":\"https:\\\/\\\/uniavanti.com.br\\\/portal\\\/estoque\\\/\",\"url\":\"https:\\\/\\\/uniavanti.com.br\\\/portal\\\/estoque\\\/\",\"name\":\"Estoque - Uniavanti\",\"isPartOf\":{\"@id\":\"https:\\\/\\\/uniavanti.com.br\\\/portal\\\/#website\"},\"datePublished\":\"2016-09-03T21:40:34+00:00\",\"dateModified\":\"2026-02-19T14:48:22+00:00\",\"breadcrumb\":{\"@id\":\"https:\\\/\\\/uniavanti.com.br\\\/portal\\\/estoque\\\/#breadcrumb\"},\"inLanguage\":\"pt-BR\",\"potentialAction\":[{\"@type\":\"ReadAction\",\"target\":[\"https:\\\/\\\/uniavanti.com.br\\\/portal\\\/estoque\\\/\"]}]},{\"@type\":\"BreadcrumbList\",\"@id\":\"https:\\\/\\\/uniavanti.com.br\\\/portal\\\/estoque\\\/#breadcrumb\",\"itemListElement\":[{\"@type\":\"ListItem\",\"position\":1,\"name\":\"In\u00edcio\",\"item\":\"https:\\\/\\\/uniavanti.com.br\\\/portal\\\/\"},{\"@type\":\"ListItem\",\"position\":2,\"name\":\"Estoque\"}]},{\"@type\":\"WebSite\",\"@id\":\"https:\\\/\\\/uniavanti.com.br\\\/portal\\\/#website\",\"url\":\"https:\\\/\\\/uniavanti.com.br\\\/portal\\\/\",\"name\":\"Uniavanti\",\"description\":\"Uniavanti sistemas de gest\u00e3o empresarial\",\"publisher\":{\"@id\":\"https:\\\/\\\/uniavanti.com.br\\\/portal\\\/#organization\"},\"potentialAction\":[{\"@type\":\"SearchAction\",\"target\":{\"@type\":\"EntryPoint\",\"urlTemplate\":\"https:\\\/\\\/uniavanti.com.br\\\/portal\\\/?s={search_term_string}\"},\"query-input\":{\"@type\":\"PropertyValueSpecification\",\"valueRequired\":true,\"valueName\":\"search_term_string\"}}],\"inLanguage\":\"pt-BR\"},{\"@type\":\"Organization\",\"@id\":\"https:\\\/\\\/uniavanti.com.br\\\/portal\\\/#organization\",\"name\":\"Uniavanti\",\"url\":\"https:\\\/\\\/uniavanti.com.br\\\/portal\\\/\",\"logo\":{\"@type\":\"ImageObject\",\"inLanguage\":\"pt-BR\",\"@id\":\"https:\\\/\\\/uniavanti.com.br\\\/portal\\\/#\\\/schema\\\/logo\\\/image\\\/\",\"url\":\"https:\\\/\\\/uniavanti.com.br\\\/portal\\\/wp-content\\\/uploads\\\/2016\\\/08\\\/uniavanti-1.ico\",\"contentUrl\":\"https:\\\/\\\/uniavanti.com.br\\\/portal\\\/wp-content\\\/uploads\\\/2016\\\/08\\\/uniavanti-1.ico\",\"caption\":\"Uniavanti\"},\"image\":{\"@id\":\"https:\\\/\\\/uniavanti.com.br\\\/portal\\\/#\\\/schema\\\/logo\\\/image\\\/\"},\"sameAs\":[\"https:\\\/\\\/www.facebook.com\\\/uniavanti\",\"https:\\\/\\\/www.instagram.com\\\/uniavanti\",\"https:\\\/\\\/br.linkedin.com\\\/company\\\/uniavanti-sistemas\"]}]}<\/script>\n<!-- \/ Yoast SEO plugin. -->","yoast_head_json":{"title":"Estoque - Uniavanti","robots":{"index":"index","follow":"follow","max-snippet":"max-snippet:-1","max-image-preview":"max-image-preview:large","max-video-preview":"max-video-preview:-1"},"canonical":"https:\/\/uniavanti.com.br\/portal\/estoque\/","og_locale":"pt_BR","og_type":"article","og_title":"Estoque - Uniavanti","og_description":"ESTOQUE Ao utilizar o Uniavanti, voc\u00ea poder\u00e1 registrar toda a movimenta\u00e7\u00e3o do seu estoque de forma autom\u00e1tica com integra\u00e7\u00e3o entre o compra e venda. Tenha informa\u00e7\u00f5es detalhadas sobre todas as entradas e sa\u00eddas de mercadorias e acompanhe quais pedidos de compra voc\u00ea ainda tem que receber, al\u00e9m dos pedidos de venda que precisam ser entregues [&hellip;]","og_url":"https:\/\/uniavanti.com.br\/portal\/estoque\/","og_site_name":"Uniavanti","article_publisher":"https:\/\/www.facebook.com\/uniavanti","article_modified_time":"2026-02-19T14:48:22+00:00","twitter_card":"summary_large_image","twitter_misc":{"Est. tempo de leitura":"2 minutos"},"schema":{"@context":"https:\/\/schema.org","@graph":[{"@type":"WebPage","@id":"https:\/\/uniavanti.com.br\/portal\/estoque\/","url":"https:\/\/uniavanti.com.br\/portal\/estoque\/","name":"Estoque - Uniavanti","isPartOf":{"@id":"https:\/\/uniavanti.com.br\/portal\/#website"},"datePublished":"2016-09-03T21:40:34+00:00","dateModified":"2026-02-19T14:48:22+00:00","breadcrumb":{"@id":"https:\/\/uniavanti.com.br\/portal\/estoque\/#breadcrumb"},"inLanguage":"pt-BR","potentialAction":[{"@type":"ReadAction","target":["https:\/\/uniavanti.com.br\/portal\/estoque\/"]}]},{"@type":"BreadcrumbList","@id":"https:\/\/uniavanti.com.br\/portal\/estoque\/#breadcrumb","itemListElement":[{"@type":"ListItem","position":1,"name":"In\u00edcio","item":"https:\/\/uniavanti.com.br\/portal\/"},{"@type":"ListItem","position":2,"name":"Estoque"}]},{"@type":"WebSite","@id":"https:\/\/uniavanti.com.br\/portal\/#website","url":"https:\/\/uniavanti.com.br\/portal\/","name":"Uniavanti","description":"Uniavanti sistemas de gest\u00e3o empresarial","publisher":{"@id":"https:\/\/uniavanti.com.br\/portal\/#organization"},"potentialAction":[{"@type":"SearchAction","target":{"@type":"EntryPoint","urlTemplate":"https:\/\/uniavanti.com.br\/portal\/?s={search_term_string}"},"query-input":{"@type":"PropertyValueSpecification","valueRequired":true,"valueName":"search_term_string"}}],"inLanguage":"pt-BR"},{"@type":"Organization","@id":"https:\/\/uniavanti.com.br\/portal\/#organization","name":"Uniavanti","url":"https:\/\/uniavanti.com.br\/portal\/","logo":{"@type":"ImageObject","inLanguage":"pt-BR","@id":"https:\/\/uniavanti.com.br\/portal\/#\/schema\/logo\/image\/","url":"https:\/\/uniavanti.com.br\/portal\/wp-content\/uploads\/2016\/08\/uniavanti-1.ico","contentUrl":"https:\/\/uniavanti.com.br\/portal\/wp-content\/uploads\/2016\/08\/uniavanti-1.ico","caption":"Uniavanti"},"image":{"@id":"https:\/\/uniavanti.com.br\/portal\/#\/schema\/logo\/image\/"},"sameAs":["https:\/\/www.facebook.com\/uniavanti","https:\/\/www.instagram.com\/uniavanti","https:\/\/br.linkedin.com\/company\/uniavanti-sistemas"]}]}},"_links":{"self":[{"href":"https:\/\/uniavanti.com.br\/portal\/wp-json\/wp\/v2\/pages\/140","targetHints":{"allow":["GET"]}}],"collection":[{"href":"https:\/\/uniavanti.com.br\/portal\/wp-json\/wp\/v2\/pages"}],"about":[{"href":"https:\/\/uniavanti.com.br\/portal\/wp-json\/wp\/v2\/types\/page"}],"author":[{"embeddable":true,"href":"https:\/\/uniavanti.com.br\/portal\/wp-json\/wp\/v2\/users\/1"}],"replies":[{"embeddable":true,"href":"https:\/\/uniavanti.com.br\/portal\/wp-json\/wp\/v2\/comments?post=140"}],"version-history":[{"count":22,"href":"https:\/\/uniavanti.com.br\/portal\/wp-json\/wp\/v2\/pages\/140\/revisions"}],"predecessor-version":[{"id":1321,"href":"https:\/\/uniavanti.com.br\/portal\/wp-json\/wp\/v2\/pages\/140\/revisions\/1321"}],"wp:attachment":[{"href":"https:\/\/uniavanti.com.br\/portal\/wp-json\/wp\/v2\/media?parent=140"}],"curies":[{"name":"wp","href":"https:\/\/api.w.org\/{rel}","templated":true}]}}