{"id":143,"date":"2016-09-03T18:41:47","date_gmt":"2016-09-03T21:41:47","guid":{"rendered":"https:\/\/uniavanti.com.br\/portal\/?page_id=143"},"modified":"2026-02-19T11:42:12","modified_gmt":"2026-02-19T14:42:12","slug":"pcp","status":"publish","type":"page","link":"https:\/\/uniavanti.com.br\/portal\/pcp\/","title":{"rendered":"PCP"},"content":{"rendered":"\t\t<div data-elementor-type=\"wp-page\" data-elementor-id=\"143\" class=\"elementor elementor-143\">\n\t\t\t\t<div class=\"elementor-element elementor-element-8a44416 e-flex e-con-boxed e-con e-parent\" data-id=\"8a44416\" data-element_type=\"container\" data-e-type=\"container\" data-settings=\"{&quot;background_background&quot;:&quot;gradient&quot;}\">\n\t\t\t\t\t<div class=\"e-con-inner\">\n\t\t<div class=\"elementor-element elementor-element-27ce485 e-con-full e-flex e-con e-child\" data-id=\"27ce485\" data-element_type=\"container\" data-e-type=\"container\" data-settings=\"{&quot;background_background&quot;:&quot;gradient&quot;}\">\n\t\t<div class=\"elementor-element elementor-element-6416639 e-con-full e-flex e-con e-child\" data-id=\"6416639\" data-element_type=\"container\" data-e-type=\"container\">\n\t\t\t\t<div class=\"elementor-element elementor-element-f32c7d6 elementor-widget elementor-widget-heading\" data-id=\"f32c7d6\" data-element_type=\"widget\" data-e-type=\"widget\" data-widget_type=\"heading.default\">\n\t\t\t\t<div class=\"elementor-widget-container\">\n\t\t\t\t\t<h2 class=\"elementor-heading-title elementor-size-default\">PCP<\/h2>\t\t\t\t<\/div>\n\t\t\t\t<\/div>\n\t\t\t\t<div class=\"elementor-element elementor-element-10c1850 elementor-icon-list--layout-traditional elementor-list-item-link-full_width elementor-widget elementor-widget-icon-list\" data-id=\"10c1850\" data-element_type=\"widget\" data-e-type=\"widget\" data-widget_type=\"icon-list.default\">\n\t\t\t\t<div class=\"elementor-widget-container\">\n\t\t\t\t\t\t\t<ul class=\"elementor-icon-list-items\">\n\t\t\t\t\t\t\t<li class=\"elementor-icon-list-item\">\n\t\t\t\t\t\t\t\t\t\t\t<span class=\"elementor-icon-list-icon\">\n\t\t\t\t\t\t\t<svg aria-hidden=\"true\" class=\"e-font-icon-svg e-fas-angle-right\" viewBox=\"0 0 256 512\" xmlns=\"http:\/\/www.w3.org\/2000\/svg\"><path d=\"M224.3 273l-136 136c-9.4 9.4-24.6 9.4-33.9 0l-22.6-22.6c-9.4-9.4-9.4-24.6 0-33.9l96.4-96.4-96.4-96.4c-9.4-9.4-9.4-24.6 0-33.9L54.3 103c9.4-9.4 24.6-9.4 33.9 0l136 136c9.5 9.4 9.5 24.6.1 34z\"><\/path><\/svg>\t\t\t\t\t\t<\/span>\n\t\t\t\t\t\t\t\t\t\t<span class=\"elementor-icon-list-text\">Programe e controle a sua produ\u00e7\u00e3o com este m\u00f3dulo, gere ordens de produ\u00e7\u00e3o a partir de pedidos ou de programa\u00e7\u00e3o.<\/span>\n\t\t\t\t\t\t\t\t\t<\/li>\n\t\t\t\t\t\t\t\t<li class=\"elementor-icon-list-item\">\n\t\t\t\t\t\t\t\t\t\t\t<span class=\"elementor-icon-list-icon\">\n\t\t\t\t\t\t\t<svg aria-hidden=\"true\" class=\"e-font-icon-svg e-fas-angle-double-right\" viewBox=\"0 0 448 512\" xmlns=\"http:\/\/www.w3.org\/2000\/svg\"><path d=\"M224.3 273l-136 136c-9.4 9.4-24.6 9.4-33.9 0l-22.6-22.6c-9.4-9.4-9.4-24.6 0-33.9l96.4-96.4-96.4-96.4c-9.4-9.4-9.4-24.6 0-33.9L54.3 103c9.4-9.4 24.6-9.4 33.9 0l136 136c9.5 9.4 9.5 24.6.1 34zm192-34l-136-136c-9.4-9.4-24.6-9.4-33.9 0l-22.6 22.6c-9.4 9.4-9.4 24.6 0 33.9l96.4 96.4-96.4 96.4c-9.4 9.4-9.4 24.6 0 33.9l22.6 22.6c9.4 9.4 24.6 9.4 33.9 0l136-136c9.4-9.2 9.4-24.4 0-33.8z\"><\/path><\/svg>\t\t\t\t\t\t<\/span>\n\t\t\t\t\t\t\t\t\t\t<span class=\"elementor-icon-list-text\">Efetue a baixa das OP total ou parcial, alimentando o estoque do que foi produzido e dando a sa\u00edda dos materiais utilizados na produ\u00e7\u00e3o.<\/span>\n\t\t\t\t\t\t\t\t\t<\/li>\n\t\t\t\t\t\t<\/ul>\n\t\t\t\t\t\t<\/div>\n\t\t\t\t<\/div>\n\t\t\t\t<\/div>\n\t\t<div class=\"elementor-element elementor-element-00bfb7c e-con-full e-flex e-con e-child\" data-id=\"00bfb7c\" data-element_type=\"container\" data-e-type=\"container\">\n\t\t\t\t<div class=\"elementor-element elementor-element-31d2bd7 elementor-align-center elementor-widget elementor-widget-button\" data-id=\"31d2bd7\" data-element_type=\"widget\" data-e-type=\"widget\" data-widget_type=\"button.default\">\n\t\t\t\t<div class=\"elementor-widget-container\">\n\t\t\t\t\t\t\t\t\t<div class=\"elementor-button-wrapper\">\n\t\t\t\t\t<a class=\"elementor-button elementor-button-link elementor-size-sm\" href=\"https:\/\/uniavanti.com.br\/portal#solucoes\">\n\t\t\t\t\t\t<span class=\"elementor-button-content-wrapper\">\n\t\t\t\t\t\t<span class=\"elementor-button-icon\">\n\t\t\t\t<svg aria-hidden=\"true\" class=\"e-font-icon-svg e-fas-angle-double-left\" viewBox=\"0 0 448 512\" xmlns=\"http:\/\/www.w3.org\/2000\/svg\"><path d=\"M223.7 239l136-136c9.4-9.4 24.6-9.4 33.9 0l22.6 22.6c9.4 9.4 9.4 24.6 0 33.9L319.9 256l96.4 96.4c9.4 9.4 9.4 24.6 0 33.9L393.7 409c-9.4 9.4-24.6 9.4-33.9 0l-136-136c-9.5-9.4-9.5-24.6-.1-34zm-192 34l136 136c9.4 9.4 24.6 9.4 33.9 0l22.6-22.6c9.4-9.4 9.4-24.6 0-33.9L127.9 256l96.4-96.4c9.4-9.4 9.4-24.6 0-33.9L201.7 103c-9.4-9.4-24.6-9.4-33.9 0l-136 136c-9.5 9.4-9.5 24.6-.1 34z\"><\/path><\/svg>\t\t\t<\/span>\n\t\t\t\t\t\t\t\t<\/span>\n\t\t\t\t\t<\/a>\n\t\t\t\t<\/div>\n\t\t\t\t\t\t\t\t<\/div>\n\t\t\t\t<\/div>\n\t\t\t\t<\/div>\n\t\t\t\t<\/div>\n\t\t\t\t\t<\/div>\n\t\t\t\t<\/div>\n\t\t\t\t<\/div>\n\t\t","protected":false},"excerpt":{"rendered":"<p>PCP Programe e controle a sua produ\u00e7\u00e3o com este m\u00f3dulo, gere ordens de produ\u00e7\u00e3o a partir de pedidos ou de programa\u00e7\u00e3o. Efetue a baixa das OP total ou parcial, alimentando o estoque do que foi produzido e dando a sa\u00edda dos materiais utilizados na produ\u00e7\u00e3o.<\/p>\n","protected":false},"author":1,"featured_media":0,"parent":0,"menu_order":0,"comment_status":"closed","ping_status":"closed","template":"elementor_header_footer","meta":{"footnotes":""},"class_list":["post-143","page","type-page","status-publish","hentry"],"yoast_head":"<!-- This site is optimized with the Yoast SEO plugin v27.3 - https:\/\/yoast.com\/product\/yoast-seo-wordpress\/ -->\n<title>PCP - Uniavanti<\/title>\n<meta name=\"robots\" content=\"index, follow, max-snippet:-1, max-image-preview:large, max-video-preview:-1\" \/>\n<link rel=\"canonical\" href=\"https:\/\/uniavanti.com.br\/portal\/pcp\/\" \/>\n<meta property=\"og:locale\" content=\"pt_BR\" \/>\n<meta property=\"og:type\" content=\"article\" \/>\n<meta property=\"og:title\" content=\"PCP - Uniavanti\" \/>\n<meta property=\"og:description\" content=\"PCP Programe e controle a sua produ\u00e7\u00e3o com este m\u00f3dulo, gere ordens de produ\u00e7\u00e3o a partir de pedidos ou de programa\u00e7\u00e3o. Efetue a baixa das OP total ou parcial, alimentando o estoque do que foi produzido e dando a sa\u00edda dos materiais utilizados na produ\u00e7\u00e3o.\" \/>\n<meta property=\"og:url\" content=\"https:\/\/uniavanti.com.br\/portal\/pcp\/\" \/>\n<meta property=\"og:site_name\" content=\"Uniavanti\" \/>\n<meta property=\"article:publisher\" content=\"https:\/\/www.facebook.com\/uniavanti\" \/>\n<meta property=\"article:modified_time\" content=\"2026-02-19T14:42:12+00:00\" \/>\n<meta name=\"twitter:card\" content=\"summary_large_image\" \/>\n<script type=\"application\/ld+json\" class=\"yoast-schema-graph\">{\"@context\":\"https:\\\/\\\/schema.org\",\"@graph\":[{\"@type\":\"WebPage\",\"@id\":\"https:\\\/\\\/uniavanti.com.br\\\/portal\\\/pcp\\\/\",\"url\":\"https:\\\/\\\/uniavanti.com.br\\\/portal\\\/pcp\\\/\",\"name\":\"PCP - Uniavanti\",\"isPartOf\":{\"@id\":\"https:\\\/\\\/uniavanti.com.br\\\/portal\\\/#website\"},\"datePublished\":\"2016-09-03T21:41:47+00:00\",\"dateModified\":\"2026-02-19T14:42:12+00:00\",\"breadcrumb\":{\"@id\":\"https:\\\/\\\/uniavanti.com.br\\\/portal\\\/pcp\\\/#breadcrumb\"},\"inLanguage\":\"pt-BR\",\"potentialAction\":[{\"@type\":\"ReadAction\",\"target\":[\"https:\\\/\\\/uniavanti.com.br\\\/portal\\\/pcp\\\/\"]}]},{\"@type\":\"BreadcrumbList\",\"@id\":\"https:\\\/\\\/uniavanti.com.br\\\/portal\\\/pcp\\\/#breadcrumb\",\"itemListElement\":[{\"@type\":\"ListItem\",\"position\":1,\"name\":\"In\u00edcio\",\"item\":\"https:\\\/\\\/uniavanti.com.br\\\/portal\\\/\"},{\"@type\":\"ListItem\",\"position\":2,\"name\":\"PCP\"}]},{\"@type\":\"WebSite\",\"@id\":\"https:\\\/\\\/uniavanti.com.br\\\/portal\\\/#website\",\"url\":\"https:\\\/\\\/uniavanti.com.br\\\/portal\\\/\",\"name\":\"Uniavanti\",\"description\":\"Uniavanti sistemas de gest\u00e3o empresarial\",\"publisher\":{\"@id\":\"https:\\\/\\\/uniavanti.com.br\\\/portal\\\/#organization\"},\"potentialAction\":[{\"@type\":\"SearchAction\",\"target\":{\"@type\":\"EntryPoint\",\"urlTemplate\":\"https:\\\/\\\/uniavanti.com.br\\\/portal\\\/?s={search_term_string}\"},\"query-input\":{\"@type\":\"PropertyValueSpecification\",\"valueRequired\":true,\"valueName\":\"search_term_string\"}}],\"inLanguage\":\"pt-BR\"},{\"@type\":\"Organization\",\"@id\":\"https:\\\/\\\/uniavanti.com.br\\\/portal\\\/#organization\",\"name\":\"Uniavanti\",\"url\":\"https:\\\/\\\/uniavanti.com.br\\\/portal\\\/\",\"logo\":{\"@type\":\"ImageObject\",\"inLanguage\":\"pt-BR\",\"@id\":\"https:\\\/\\\/uniavanti.com.br\\\/portal\\\/#\\\/schema\\\/logo\\\/image\\\/\",\"url\":\"https:\\\/\\\/uniavanti.com.br\\\/portal\\\/wp-content\\\/uploads\\\/2016\\\/08\\\/uniavanti-1.ico\",\"contentUrl\":\"https:\\\/\\\/uniavanti.com.br\\\/portal\\\/wp-content\\\/uploads\\\/2016\\\/08\\\/uniavanti-1.ico\",\"caption\":\"Uniavanti\"},\"image\":{\"@id\":\"https:\\\/\\\/uniavanti.com.br\\\/portal\\\/#\\\/schema\\\/logo\\\/image\\\/\"},\"sameAs\":[\"https:\\\/\\\/www.facebook.com\\\/uniavanti\",\"https:\\\/\\\/www.instagram.com\\\/uniavanti\",\"https:\\\/\\\/br.linkedin.com\\\/company\\\/uniavanti-sistemas\"]}]}<\/script>\n<!-- \/ Yoast SEO plugin. -->","yoast_head_json":{"title":"PCP - Uniavanti","robots":{"index":"index","follow":"follow","max-snippet":"max-snippet:-1","max-image-preview":"max-image-preview:large","max-video-preview":"max-video-preview:-1"},"canonical":"https:\/\/uniavanti.com.br\/portal\/pcp\/","og_locale":"pt_BR","og_type":"article","og_title":"PCP - Uniavanti","og_description":"PCP Programe e controle a sua produ\u00e7\u00e3o com este m\u00f3dulo, gere ordens de produ\u00e7\u00e3o a partir de pedidos ou de programa\u00e7\u00e3o. Efetue a baixa das OP total ou parcial, alimentando o estoque do que foi produzido e dando a sa\u00edda dos materiais utilizados na produ\u00e7\u00e3o.","og_url":"https:\/\/uniavanti.com.br\/portal\/pcp\/","og_site_name":"Uniavanti","article_publisher":"https:\/\/www.facebook.com\/uniavanti","article_modified_time":"2026-02-19T14:42:12+00:00","twitter_card":"summary_large_image","schema":{"@context":"https:\/\/schema.org","@graph":[{"@type":"WebPage","@id":"https:\/\/uniavanti.com.br\/portal\/pcp\/","url":"https:\/\/uniavanti.com.br\/portal\/pcp\/","name":"PCP - Uniavanti","isPartOf":{"@id":"https:\/\/uniavanti.com.br\/portal\/#website"},"datePublished":"2016-09-03T21:41:47+00:00","dateModified":"2026-02-19T14:42:12+00:00","breadcrumb":{"@id":"https:\/\/uniavanti.com.br\/portal\/pcp\/#breadcrumb"},"inLanguage":"pt-BR","potentialAction":[{"@type":"ReadAction","target":["https:\/\/uniavanti.com.br\/portal\/pcp\/"]}]},{"@type":"BreadcrumbList","@id":"https:\/\/uniavanti.com.br\/portal\/pcp\/#breadcrumb","itemListElement":[{"@type":"ListItem","position":1,"name":"In\u00edcio","item":"https:\/\/uniavanti.com.br\/portal\/"},{"@type":"ListItem","position":2,"name":"PCP"}]},{"@type":"WebSite","@id":"https:\/\/uniavanti.com.br\/portal\/#website","url":"https:\/\/uniavanti.com.br\/portal\/","name":"Uniavanti","description":"Uniavanti sistemas de gest\u00e3o empresarial","publisher":{"@id":"https:\/\/uniavanti.com.br\/portal\/#organization"},"potentialAction":[{"@type":"SearchAction","target":{"@type":"EntryPoint","urlTemplate":"https:\/\/uniavanti.com.br\/portal\/?s={search_term_string}"},"query-input":{"@type":"PropertyValueSpecification","valueRequired":true,"valueName":"search_term_string"}}],"inLanguage":"pt-BR"},{"@type":"Organization","@id":"https:\/\/uniavanti.com.br\/portal\/#organization","name":"Uniavanti","url":"https:\/\/uniavanti.com.br\/portal\/","logo":{"@type":"ImageObject","inLanguage":"pt-BR","@id":"https:\/\/uniavanti.com.br\/portal\/#\/schema\/logo\/image\/","url":"https:\/\/uniavanti.com.br\/portal\/wp-content\/uploads\/2016\/08\/uniavanti-1.ico","contentUrl":"https:\/\/uniavanti.com.br\/portal\/wp-content\/uploads\/2016\/08\/uniavanti-1.ico","caption":"Uniavanti"},"image":{"@id":"https:\/\/uniavanti.com.br\/portal\/#\/schema\/logo\/image\/"},"sameAs":["https:\/\/www.facebook.com\/uniavanti","https:\/\/www.instagram.com\/uniavanti","https:\/\/br.linkedin.com\/company\/uniavanti-sistemas"]}]}},"_links":{"self":[{"href":"https:\/\/uniavanti.com.br\/portal\/wp-json\/wp\/v2\/pages\/143","targetHints":{"allow":["GET"]}}],"collection":[{"href":"https:\/\/uniavanti.com.br\/portal\/wp-json\/wp\/v2\/pages"}],"about":[{"href":"https:\/\/uniavanti.com.br\/portal\/wp-json\/wp\/v2\/types\/page"}],"author":[{"embeddable":true,"href":"https:\/\/uniavanti.com.br\/portal\/wp-json\/wp\/v2\/users\/1"}],"replies":[{"embeddable":true,"href":"https:\/\/uniavanti.com.br\/portal\/wp-json\/wp\/v2\/comments?post=143"}],"version-history":[{"count":20,"href":"https:\/\/uniavanti.com.br\/portal\/wp-json\/wp\/v2\/pages\/143\/revisions"}],"predecessor-version":[{"id":1307,"href":"https:\/\/uniavanti.com.br\/portal\/wp-json\/wp\/v2\/pages\/143\/revisions\/1307"}],"wp:attachment":[{"href":"https:\/\/uniavanti.com.br\/portal\/wp-json\/wp\/v2\/media?parent=143"}],"curies":[{"name":"wp","href":"https:\/\/api.w.org\/{rel}","templated":true}]}}