{"id":151,"date":"2016-09-04T08:18:43","date_gmt":"2016-09-04T11:18:43","guid":{"rendered":"https:\/\/uniavanti.com.br\/portal\/?page_id=151"},"modified":"2026-02-19T12:25:55","modified_gmt":"2026-02-19T15:25:55","slug":"contratos","status":"publish","type":"page","link":"https:\/\/uniavanti.com.br\/portal\/contratos\/","title":{"rendered":"Contratos"},"content":{"rendered":"<h2>CONTRATOS<\/h2>\n<ul>\n<li>\n\t\t\t\t\t\t\t<svg aria-hidden=\"true\" viewBox=\"0 0 256 512\" xmlns=\"http:\/\/www.w3.org\/2000\/svg\"><path d=\"M224.3 273l-136 136c-9.4 9.4-24.6 9.4-33.9 0l-22.6-22.6c-9.4-9.4-9.4-24.6 0-33.9l96.4-96.4-96.4-96.4c-9.4-9.4-9.4-24.6 0-33.9L54.3 103c9.4-9.4 24.6-9.4 33.9 0l136 136c9.5 9.4 9.5 24.6.1 34z\"><\/path><\/svg><br \/>\n\t\t\t\t\t\t\t\t\t\tEmpresas prestadoras de servi\u00e7os tem a necessidade de efetuar o faturamento mensal conforme valores definido em contrato.\n\t\t\t\t\t\t\t\t\t<\/li>\n<li>\n\t\t\t\t\t\t\t<svg aria-hidden=\"true\" viewBox=\"0 0 448 512\" xmlns=\"http:\/\/www.w3.org\/2000\/svg\"><path d=\"M224.3 273l-136 136c-9.4 9.4-24.6 9.4-33.9 0l-22.6-22.6c-9.4-9.4-9.4-24.6 0-33.9l96.4-96.4-96.4-96.4c-9.4-9.4-9.4-24.6 0-33.9L54.3 103c9.4-9.4 24.6-9.4 33.9 0l136 136c9.5 9.4 9.5 24.6.1 34zm192-34l-136-136c-9.4-9.4-24.6-9.4-33.9 0l-22.6 22.6c-9.4 9.4-9.4 24.6 0 33.9l96.4 96.4-96.4 96.4c-9.4 9.4-9.4 24.6 0 33.9l22.6 22.6c9.4 9.4 24.6 9.4 33.9 0l136-136c9.4-9.2 9.4-24.4 0-33.8z\"><\/path><\/svg><br \/>\n\t\t\t\t\t\t\t\t\t\tO m\u00f3dulo de contratos atende plenamente as necessidades de organiza\u00e7\u00f5es comerciais, que buscam em um sistema o total controle de informa\u00e7\u00f5es vitais para o bom funcionamento de seu neg\u00f3cio e um estreito relacionamento com seu cliente.\n\t\t\t\t\t\t\t\t\t<\/li>\n<li>\n\t\t\t\t\t\t\t<svg aria-hidden=\"true\" viewBox=\"0 0 256 512\" xmlns=\"http:\/\/www.w3.org\/2000\/svg\"><path d=\"M224.3 273l-136 136c-9.4 9.4-24.6 9.4-33.9 0l-22.6-22.6c-9.4-9.4-9.4-24.6 0-33.9l96.4-96.4-96.4-96.4c-9.4-9.4-9.4-24.6 0-33.9L54.3 103c9.4-9.4 24.6-9.4 33.9 0l136 136c9.5 9.4 9.5 24.6.1 34z\"><\/path><\/svg><br \/>\n\t\t\t\t\t\t\t\t\t\tUtilize este m\u00f3dulo para controlar o vencimento dos contratos, os servi\u00e7os prestados e o faturamento.\n\t\t\t\t\t\t\t\t\t<\/li>\n<li>\n\t\t\t\t\t\t\t<svg aria-hidden=\"true\" viewBox=\"0 0 448 512\" xmlns=\"http:\/\/www.w3.org\/2000\/svg\"><path d=\"M224.3 273l-136 136c-9.4 9.4-24.6 9.4-33.9 0l-22.6-22.6c-9.4-9.4-9.4-24.6 0-33.9l96.4-96.4-96.4-96.4c-9.4-9.4-9.4-24.6 0-33.9L54.3 103c9.4-9.4 24.6-9.4 33.9 0l136 136c9.5 9.4 9.5 24.6.1 34zm192-34l-136-136c-9.4-9.4-24.6-9.4-33.9 0l-22.6 22.6c-9.4 9.4-9.4 24.6 0 33.9l96.4 96.4-96.4 96.4c-9.4 9.4-9.4 24.6 0 33.9l22.6 22.6c9.4 9.4 24.6 9.4 33.9 0l136-136c9.4-9.2 9.4-24.4 0-33.8z\"><\/path><\/svg><br \/>\n\t\t\t\t\t\t\t\t\t\tA perfeita condu\u00e7\u00e3o das opera\u00e7\u00f5es deste m\u00f3dulo permite que seu neg\u00f3cio possa reduzir tempo e custos com o manuseio de informa\u00e7\u00f5es que s\u00e3o essenciais para a consolida\u00e7\u00e3o do contrato com o cliente.\n\t\t\t\t\t\t\t\t\t<\/li>\n<\/ul>\n<p>\t\t\t\t\t<a href=\"https:\/\/uniavanti.com.br\/portal#solucoes\"><br \/>\n\t\t\t\t<svg aria-hidden=\"true\" viewBox=\"0 0 448 512\" xmlns=\"http:\/\/www.w3.org\/2000\/svg\"><path d=\"M223.7 239l136-136c9.4-9.4 24.6-9.4 33.9 0l22.6 22.6c9.4 9.4 9.4 24.6 0 33.9L319.9 256l96.4 96.4c9.4 9.4 9.4 24.6 0 33.9L393.7 409c-9.4 9.4-24.6 9.4-33.9 0l-136-136c-9.5-9.4-9.5-24.6-.1-34zm-192 34l136 136c9.4 9.4 24.6 9.4 33.9 0l22.6-22.6c9.4-9.4 9.4-24.6 0-33.9L127.9 256l96.4-96.4c9.4-9.4 9.4-24.6 0-33.9L201.7 103c-9.4-9.4-24.6-9.4-33.9 0l-136 136c-9.5 9.4-9.5 24.6-.1 34z\"><\/path><\/svg><br \/>\n\t\t\t\t\t<\/a><\/p>\n","protected":false},"excerpt":{"rendered":"<p>CONTRATOS Empresas prestadoras de servi\u00e7os tem a necessidade de efetuar o faturamento mensal conforme valores definido em contrato. O m\u00f3dulo de contratos atende plenamente as necessidades de organiza\u00e7\u00f5es comerciais, que buscam em um sistema o total controle de informa\u00e7\u00f5es vitais para o bom funcionamento de seu neg\u00f3cio e um estreito relacionamento com seu cliente. Utilize [&hellip;]<\/p>\n","protected":false},"author":1,"featured_media":0,"parent":0,"menu_order":0,"comment_status":"closed","ping_status":"closed","template":"elementor_header_footer","meta":{"footnotes":""},"class_list":["post-151","page","type-page","status-publish","hentry"],"yoast_head":"<!-- This site is optimized with the Yoast SEO plugin v27.3 - https:\/\/yoast.com\/product\/yoast-seo-wordpress\/ -->\n<title>Contratos - Uniavanti<\/title>\n<meta name=\"robots\" content=\"index, follow, max-snippet:-1, max-image-preview:large, max-video-preview:-1\" \/>\n<link rel=\"canonical\" href=\"https:\/\/uniavanti.com.br\/portal\/contratos\/\" \/>\n<meta property=\"og:locale\" content=\"pt_BR\" \/>\n<meta property=\"og:type\" content=\"article\" \/>\n<meta property=\"og:title\" content=\"Contratos - Uniavanti\" \/>\n<meta property=\"og:description\" content=\"CONTRATOS Empresas prestadoras de servi\u00e7os tem a necessidade de efetuar o faturamento mensal conforme valores definido em contrato. O m\u00f3dulo de contratos atende plenamente as necessidades de organiza\u00e7\u00f5es comerciais, que buscam em um sistema o total controle de informa\u00e7\u00f5es vitais para o bom funcionamento de seu neg\u00f3cio e um estreito relacionamento com seu cliente. Utilize [&hellip;]\" \/>\n<meta property=\"og:url\" content=\"https:\/\/uniavanti.com.br\/portal\/contratos\/\" \/>\n<meta property=\"og:site_name\" content=\"Uniavanti\" \/>\n<meta property=\"article:publisher\" content=\"https:\/\/www.facebook.com\/uniavanti\" \/>\n<meta property=\"article:modified_time\" content=\"2026-02-19T15:25:55+00:00\" \/>\n<meta name=\"twitter:card\" content=\"summary_large_image\" \/>\n<meta name=\"twitter:label1\" content=\"Est. tempo de leitura\" \/>\n\t<meta name=\"twitter:data1\" content=\"1 minuto\" \/>\n<script type=\"application\/ld+json\" class=\"yoast-schema-graph\">{\"@context\":\"https:\\\/\\\/schema.org\",\"@graph\":[{\"@type\":\"WebPage\",\"@id\":\"https:\\\/\\\/uniavanti.com.br\\\/portal\\\/contratos\\\/\",\"url\":\"https:\\\/\\\/uniavanti.com.br\\\/portal\\\/contratos\\\/\",\"name\":\"Contratos - Uniavanti\",\"isPartOf\":{\"@id\":\"https:\\\/\\\/uniavanti.com.br\\\/portal\\\/#website\"},\"datePublished\":\"2016-09-04T11:18:43+00:00\",\"dateModified\":\"2026-02-19T15:25:55+00:00\",\"breadcrumb\":{\"@id\":\"https:\\\/\\\/uniavanti.com.br\\\/portal\\\/contratos\\\/#breadcrumb\"},\"inLanguage\":\"pt-BR\",\"potentialAction\":[{\"@type\":\"ReadAction\",\"target\":[\"https:\\\/\\\/uniavanti.com.br\\\/portal\\\/contratos\\\/\"]}]},{\"@type\":\"BreadcrumbList\",\"@id\":\"https:\\\/\\\/uniavanti.com.br\\\/portal\\\/contratos\\\/#breadcrumb\",\"itemListElement\":[{\"@type\":\"ListItem\",\"position\":1,\"name\":\"In\u00edcio\",\"item\":\"https:\\\/\\\/uniavanti.com.br\\\/portal\\\/\"},{\"@type\":\"ListItem\",\"position\":2,\"name\":\"Contratos\"}]},{\"@type\":\"WebSite\",\"@id\":\"https:\\\/\\\/uniavanti.com.br\\\/portal\\\/#website\",\"url\":\"https:\\\/\\\/uniavanti.com.br\\\/portal\\\/\",\"name\":\"Uniavanti\",\"description\":\"Uniavanti sistemas de gest\u00e3o empresarial\",\"publisher\":{\"@id\":\"https:\\\/\\\/uniavanti.com.br\\\/portal\\\/#organization\"},\"potentialAction\":[{\"@type\":\"SearchAction\",\"target\":{\"@type\":\"EntryPoint\",\"urlTemplate\":\"https:\\\/\\\/uniavanti.com.br\\\/portal\\\/?s={search_term_string}\"},\"query-input\":{\"@type\":\"PropertyValueSpecification\",\"valueRequired\":true,\"valueName\":\"search_term_string\"}}],\"inLanguage\":\"pt-BR\"},{\"@type\":\"Organization\",\"@id\":\"https:\\\/\\\/uniavanti.com.br\\\/portal\\\/#organization\",\"name\":\"Uniavanti\",\"url\":\"https:\\\/\\\/uniavanti.com.br\\\/portal\\\/\",\"logo\":{\"@type\":\"ImageObject\",\"inLanguage\":\"pt-BR\",\"@id\":\"https:\\\/\\\/uniavanti.com.br\\\/portal\\\/#\\\/schema\\\/logo\\\/image\\\/\",\"url\":\"https:\\\/\\\/uniavanti.com.br\\\/portal\\\/wp-content\\\/uploads\\\/2016\\\/08\\\/uniavanti-1.ico\",\"contentUrl\":\"https:\\\/\\\/uniavanti.com.br\\\/portal\\\/wp-content\\\/uploads\\\/2016\\\/08\\\/uniavanti-1.ico\",\"caption\":\"Uniavanti\"},\"image\":{\"@id\":\"https:\\\/\\\/uniavanti.com.br\\\/portal\\\/#\\\/schema\\\/logo\\\/image\\\/\"},\"sameAs\":[\"https:\\\/\\\/www.facebook.com\\\/uniavanti\",\"https:\\\/\\\/www.instagram.com\\\/uniavanti\",\"https:\\\/\\\/br.linkedin.com\\\/company\\\/uniavanti-sistemas\"]}]}<\/script>\n<!-- \/ Yoast SEO plugin. -->","yoast_head_json":{"title":"Contratos - Uniavanti","robots":{"index":"index","follow":"follow","max-snippet":"max-snippet:-1","max-image-preview":"max-image-preview:large","max-video-preview":"max-video-preview:-1"},"canonical":"https:\/\/uniavanti.com.br\/portal\/contratos\/","og_locale":"pt_BR","og_type":"article","og_title":"Contratos - Uniavanti","og_description":"CONTRATOS Empresas prestadoras de servi\u00e7os tem a necessidade de efetuar o faturamento mensal conforme valores definido em contrato. O m\u00f3dulo de contratos atende plenamente as necessidades de organiza\u00e7\u00f5es comerciais, que buscam em um sistema o total controle de informa\u00e7\u00f5es vitais para o bom funcionamento de seu neg\u00f3cio e um estreito relacionamento com seu cliente. Utilize [&hellip;]","og_url":"https:\/\/uniavanti.com.br\/portal\/contratos\/","og_site_name":"Uniavanti","article_publisher":"https:\/\/www.facebook.com\/uniavanti","article_modified_time":"2026-02-19T15:25:55+00:00","twitter_card":"summary_large_image","twitter_misc":{"Est. tempo de leitura":"1 minuto"},"schema":{"@context":"https:\/\/schema.org","@graph":[{"@type":"WebPage","@id":"https:\/\/uniavanti.com.br\/portal\/contratos\/","url":"https:\/\/uniavanti.com.br\/portal\/contratos\/","name":"Contratos - Uniavanti","isPartOf":{"@id":"https:\/\/uniavanti.com.br\/portal\/#website"},"datePublished":"2016-09-04T11:18:43+00:00","dateModified":"2026-02-19T15:25:55+00:00","breadcrumb":{"@id":"https:\/\/uniavanti.com.br\/portal\/contratos\/#breadcrumb"},"inLanguage":"pt-BR","potentialAction":[{"@type":"ReadAction","target":["https:\/\/uniavanti.com.br\/portal\/contratos\/"]}]},{"@type":"BreadcrumbList","@id":"https:\/\/uniavanti.com.br\/portal\/contratos\/#breadcrumb","itemListElement":[{"@type":"ListItem","position":1,"name":"In\u00edcio","item":"https:\/\/uniavanti.com.br\/portal\/"},{"@type":"ListItem","position":2,"name":"Contratos"}]},{"@type":"WebSite","@id":"https:\/\/uniavanti.com.br\/portal\/#website","url":"https:\/\/uniavanti.com.br\/portal\/","name":"Uniavanti","description":"Uniavanti sistemas de gest\u00e3o empresarial","publisher":{"@id":"https:\/\/uniavanti.com.br\/portal\/#organization"},"potentialAction":[{"@type":"SearchAction","target":{"@type":"EntryPoint","urlTemplate":"https:\/\/uniavanti.com.br\/portal\/?s={search_term_string}"},"query-input":{"@type":"PropertyValueSpecification","valueRequired":true,"valueName":"search_term_string"}}],"inLanguage":"pt-BR"},{"@type":"Organization","@id":"https:\/\/uniavanti.com.br\/portal\/#organization","name":"Uniavanti","url":"https:\/\/uniavanti.com.br\/portal\/","logo":{"@type":"ImageObject","inLanguage":"pt-BR","@id":"https:\/\/uniavanti.com.br\/portal\/#\/schema\/logo\/image\/","url":"https:\/\/uniavanti.com.br\/portal\/wp-content\/uploads\/2016\/08\/uniavanti-1.ico","contentUrl":"https:\/\/uniavanti.com.br\/portal\/wp-content\/uploads\/2016\/08\/uniavanti-1.ico","caption":"Uniavanti"},"image":{"@id":"https:\/\/uniavanti.com.br\/portal\/#\/schema\/logo\/image\/"},"sameAs":["https:\/\/www.facebook.com\/uniavanti","https:\/\/www.instagram.com\/uniavanti","https:\/\/br.linkedin.com\/company\/uniavanti-sistemas"]}]}},"_links":{"self":[{"href":"https:\/\/uniavanti.com.br\/portal\/wp-json\/wp\/v2\/pages\/151","targetHints":{"allow":["GET"]}}],"collection":[{"href":"https:\/\/uniavanti.com.br\/portal\/wp-json\/wp\/v2\/pages"}],"about":[{"href":"https:\/\/uniavanti.com.br\/portal\/wp-json\/wp\/v2\/types\/page"}],"author":[{"embeddable":true,"href":"https:\/\/uniavanti.com.br\/portal\/wp-json\/wp\/v2\/users\/1"}],"replies":[{"embeddable":true,"href":"https:\/\/uniavanti.com.br\/portal\/wp-json\/wp\/v2\/comments?post=151"}],"version-history":[{"count":13,"href":"https:\/\/uniavanti.com.br\/portal\/wp-json\/wp\/v2\/pages\/151\/revisions"}],"predecessor-version":[{"id":1332,"href":"https:\/\/uniavanti.com.br\/portal\/wp-json\/wp\/v2\/pages\/151\/revisions\/1332"}],"wp:attachment":[{"href":"https:\/\/uniavanti.com.br\/portal\/wp-json\/wp\/v2\/media?parent=151"}],"curies":[{"name":"wp","href":"https:\/\/api.w.org\/{rel}","templated":true}]}}