{"id":153,"date":"2016-09-04T08:19:43","date_gmt":"2016-09-04T11:19:43","guid":{"rendered":"https:\/\/uniavanti.com.br\/portal\/?page_id=153"},"modified":"2026-02-19T11:50:50","modified_gmt":"2026-02-19T14:50:50","slug":"contabilidade","status":"publish","type":"page","link":"https:\/\/uniavanti.com.br\/portal\/contabilidade\/","title":{"rendered":"Contabilidade"},"content":{"rendered":"\t\t<div data-elementor-type=\"wp-page\" data-elementor-id=\"153\" class=\"elementor elementor-153\">\n\t\t\t\t<div class=\"elementor-element elementor-element-674ee59 e-flex e-con-boxed e-con e-parent\" data-id=\"674ee59\" data-element_type=\"container\" data-e-type=\"container\" data-settings=\"{&quot;background_background&quot;:&quot;gradient&quot;}\">\n\t\t\t\t\t<div class=\"e-con-inner\">\n\t\t<div class=\"elementor-element elementor-element-a85fd6f e-con-full e-flex e-con e-child\" data-id=\"a85fd6f\" data-element_type=\"container\" data-e-type=\"container\" data-settings=\"{&quot;background_background&quot;:&quot;gradient&quot;}\">\n\t\t<div class=\"elementor-element elementor-element-67ff815 e-con-full e-flex e-con e-child\" data-id=\"67ff815\" data-element_type=\"container\" data-e-type=\"container\">\n\t\t\t\t<div class=\"elementor-element elementor-element-671ff15 elementor-widget elementor-widget-heading\" data-id=\"671ff15\" data-element_type=\"widget\" data-e-type=\"widget\" data-widget_type=\"heading.default\">\n\t\t\t\t<div class=\"elementor-widget-container\">\n\t\t\t\t\t<h2 class=\"elementor-heading-title elementor-size-default\">CONTABILIDADE<\/h2>\t\t\t\t<\/div>\n\t\t\t\t<\/div>\n\t\t\t\t<div class=\"elementor-element elementor-element-598f40b elementor-icon-list--layout-traditional elementor-list-item-link-full_width elementor-widget elementor-widget-icon-list\" data-id=\"598f40b\" data-element_type=\"widget\" data-e-type=\"widget\" data-widget_type=\"icon-list.default\">\n\t\t\t\t<div class=\"elementor-widget-container\">\n\t\t\t\t\t\t\t<ul class=\"elementor-icon-list-items\">\n\t\t\t\t\t\t\t<li class=\"elementor-icon-list-item\">\n\t\t\t\t\t\t\t\t\t\t\t<span class=\"elementor-icon-list-icon\">\n\t\t\t\t\t\t\t<svg aria-hidden=\"true\" class=\"e-font-icon-svg e-fas-angle-right\" viewBox=\"0 0 256 512\" xmlns=\"http:\/\/www.w3.org\/2000\/svg\"><path d=\"M224.3 273l-136 136c-9.4 9.4-24.6 9.4-33.9 0l-22.6-22.6c-9.4-9.4-9.4-24.6 0-33.9l96.4-96.4-96.4-96.4c-9.4-9.4-9.4-24.6 0-33.9L54.3 103c9.4-9.4 24.6-9.4 33.9 0l136 136c9.5 9.4 9.5 24.6.1 34z\"><\/path><\/svg>\t\t\t\t\t\t<\/span>\n\t\t\t\t\t\t\t\t\t\t<span class=\"elementor-icon-list-text\">Gera\u00e7\u00e3o de informa\u00e7\u00f5es para a contabilidade e o fiscal.<\/span>\n\t\t\t\t\t\t\t\t\t<\/li>\n\t\t\t\t\t\t\t\t<li class=\"elementor-icon-list-item\">\n\t\t\t\t\t\t\t\t\t\t\t<span class=\"elementor-icon-list-icon\">\n\t\t\t\t\t\t\t<svg aria-hidden=\"true\" class=\"e-font-icon-svg e-fas-angle-double-right\" viewBox=\"0 0 448 512\" xmlns=\"http:\/\/www.w3.org\/2000\/svg\"><path d=\"M224.3 273l-136 136c-9.4 9.4-24.6 9.4-33.9 0l-22.6-22.6c-9.4-9.4-9.4-24.6 0-33.9l96.4-96.4-96.4-96.4c-9.4-9.4-9.4-24.6 0-33.9L54.3 103c9.4-9.4 24.6-9.4 33.9 0l136 136c9.5 9.4 9.5 24.6.1 34zm192-34l-136-136c-9.4-9.4-24.6-9.4-33.9 0l-22.6 22.6c-9.4 9.4-9.4 24.6 0 33.9l96.4 96.4-96.4 96.4c-9.4 9.4-9.4 24.6 0 33.9l22.6 22.6c9.4 9.4 24.6 9.4 33.9 0l136-136c9.4-9.2 9.4-24.4 0-33.8z\"><\/path><\/svg>\t\t\t\t\t\t<\/span>\n\t\t\t\t\t\t\t\t\t\t<span class=\"elementor-icon-list-text\">Envio de XML, invent\u00e1rio e lan\u00e7amentos cont\u00e1beis para o seu contador direto do Uniavanti.<\/span>\n\t\t\t\t\t\t\t\t\t<\/li>\n\t\t\t\t\t\t\t\t<li class=\"elementor-icon-list-item\">\n\t\t\t\t\t\t\t\t\t\t\t<span class=\"elementor-icon-list-icon\">\n\t\t\t\t\t\t\t<svg aria-hidden=\"true\" class=\"e-font-icon-svg e-fas-angle-right\" viewBox=\"0 0 256 512\" xmlns=\"http:\/\/www.w3.org\/2000\/svg\"><path d=\"M224.3 273l-136 136c-9.4 9.4-24.6 9.4-33.9 0l-22.6-22.6c-9.4-9.4-9.4-24.6 0-33.9l96.4-96.4-96.4-96.4c-9.4-9.4-9.4-24.6 0-33.9L54.3 103c9.4-9.4 24.6-9.4 33.9 0l136 136c9.5 9.4 9.5 24.6.1 34z\"><\/path><\/svg>\t\t\t\t\t\t<\/span>\n\t\t\t\t\t\t\t\t\t\t<span class=\"elementor-icon-list-text\">Gera\u00e7\u00e3o e manuten\u00e7\u00e3o do SPED fiscal.<\/span>\n\t\t\t\t\t\t\t\t\t<\/li>\n\t\t\t\t\t\t<\/ul>\n\t\t\t\t\t\t<\/div>\n\t\t\t\t<\/div>\n\t\t\t\t<\/div>\n\t\t<div class=\"elementor-element elementor-element-2a3e5cc e-con-full e-flex e-con e-child\" data-id=\"2a3e5cc\" data-element_type=\"container\" data-e-type=\"container\">\n\t\t\t\t<div class=\"elementor-element elementor-element-9269d1b elementor-align-center elementor-widget elementor-widget-button\" data-id=\"9269d1b\" data-element_type=\"widget\" data-e-type=\"widget\" data-widget_type=\"button.default\">\n\t\t\t\t<div class=\"elementor-widget-container\">\n\t\t\t\t\t\t\t\t\t<div class=\"elementor-button-wrapper\">\n\t\t\t\t\t<a class=\"elementor-button elementor-button-link elementor-size-sm\" href=\"https:\/\/uniavanti.com.br\/portal#solucoes\">\n\t\t\t\t\t\t<span class=\"elementor-button-content-wrapper\">\n\t\t\t\t\t\t<span class=\"elementor-button-icon\">\n\t\t\t\t<svg aria-hidden=\"true\" class=\"e-font-icon-svg e-fas-angle-double-left\" viewBox=\"0 0 448 512\" xmlns=\"http:\/\/www.w3.org\/2000\/svg\"><path d=\"M223.7 239l136-136c9.4-9.4 24.6-9.4 33.9 0l22.6 22.6c9.4 9.4 9.4 24.6 0 33.9L319.9 256l96.4 96.4c9.4 9.4 9.4 24.6 0 33.9L393.7 409c-9.4 9.4-24.6 9.4-33.9 0l-136-136c-9.5-9.4-9.5-24.6-.1-34zm-192 34l136 136c9.4 9.4 24.6 9.4 33.9 0l22.6-22.6c9.4-9.4 9.4-24.6 0-33.9L127.9 256l96.4-96.4c9.4-9.4 9.4-24.6 0-33.9L201.7 103c-9.4-9.4-24.6-9.4-33.9 0l-136 136c-9.5 9.4-9.5 24.6-.1 34z\"><\/path><\/svg>\t\t\t<\/span>\n\t\t\t\t\t\t\t\t<\/span>\n\t\t\t\t\t<\/a>\n\t\t\t\t<\/div>\n\t\t\t\t\t\t\t\t<\/div>\n\t\t\t\t<\/div>\n\t\t\t\t<\/div>\n\t\t\t\t<\/div>\n\t\t\t\t\t<\/div>\n\t\t\t\t<\/div>\n\t\t\t\t<\/div>\n\t\t","protected":false},"excerpt":{"rendered":"<p>CONTABILIDADE Gera\u00e7\u00e3o de informa\u00e7\u00f5es para a contabilidade e o fiscal. Envio de XML, invent\u00e1rio e lan\u00e7amentos cont\u00e1beis para o seu contador direto do Uniavanti. Gera\u00e7\u00e3o e manuten\u00e7\u00e3o do SPED fiscal.<\/p>\n","protected":false},"author":1,"featured_media":0,"parent":0,"menu_order":0,"comment_status":"closed","ping_status":"closed","template":"elementor_header_footer","meta":{"footnotes":""},"class_list":["post-153","page","type-page","status-publish","hentry"],"yoast_head":"<!-- This site is optimized with the Yoast SEO plugin v27.3 - https:\/\/yoast.com\/product\/yoast-seo-wordpress\/ -->\n<title>Contabilidade - Uniavanti<\/title>\n<meta name=\"robots\" content=\"index, follow, max-snippet:-1, max-image-preview:large, max-video-preview:-1\" \/>\n<link rel=\"canonical\" href=\"https:\/\/uniavanti.com.br\/portal\/contabilidade\/\" \/>\n<meta property=\"og:locale\" content=\"pt_BR\" \/>\n<meta property=\"og:type\" content=\"article\" \/>\n<meta property=\"og:title\" content=\"Contabilidade - Uniavanti\" \/>\n<meta property=\"og:description\" content=\"CONTABILIDADE Gera\u00e7\u00e3o de informa\u00e7\u00f5es para a contabilidade e o fiscal. Envio de XML, invent\u00e1rio e lan\u00e7amentos cont\u00e1beis para o seu contador direto do Uniavanti. Gera\u00e7\u00e3o e manuten\u00e7\u00e3o do SPED fiscal.\" \/>\n<meta property=\"og:url\" content=\"https:\/\/uniavanti.com.br\/portal\/contabilidade\/\" \/>\n<meta property=\"og:site_name\" content=\"Uniavanti\" \/>\n<meta property=\"article:publisher\" content=\"https:\/\/www.facebook.com\/uniavanti\" \/>\n<meta property=\"article:modified_time\" content=\"2026-02-19T14:50:50+00:00\" \/>\n<meta name=\"twitter:card\" content=\"summary_large_image\" \/>\n<meta name=\"twitter:label1\" content=\"Est. tempo de leitura\" \/>\n\t<meta name=\"twitter:data1\" content=\"1 minuto\" \/>\n<script type=\"application\/ld+json\" class=\"yoast-schema-graph\">{\"@context\":\"https:\\\/\\\/schema.org\",\"@graph\":[{\"@type\":\"WebPage\",\"@id\":\"https:\\\/\\\/uniavanti.com.br\\\/portal\\\/contabilidade\\\/\",\"url\":\"https:\\\/\\\/uniavanti.com.br\\\/portal\\\/contabilidade\\\/\",\"name\":\"Contabilidade - Uniavanti\",\"isPartOf\":{\"@id\":\"https:\\\/\\\/uniavanti.com.br\\\/portal\\\/#website\"},\"datePublished\":\"2016-09-04T11:19:43+00:00\",\"dateModified\":\"2026-02-19T14:50:50+00:00\",\"breadcrumb\":{\"@id\":\"https:\\\/\\\/uniavanti.com.br\\\/portal\\\/contabilidade\\\/#breadcrumb\"},\"inLanguage\":\"pt-BR\",\"potentialAction\":[{\"@type\":\"ReadAction\",\"target\":[\"https:\\\/\\\/uniavanti.com.br\\\/portal\\\/contabilidade\\\/\"]}]},{\"@type\":\"BreadcrumbList\",\"@id\":\"https:\\\/\\\/uniavanti.com.br\\\/portal\\\/contabilidade\\\/#breadcrumb\",\"itemListElement\":[{\"@type\":\"ListItem\",\"position\":1,\"name\":\"In\u00edcio\",\"item\":\"https:\\\/\\\/uniavanti.com.br\\\/portal\\\/\"},{\"@type\":\"ListItem\",\"position\":2,\"name\":\"Contabilidade\"}]},{\"@type\":\"WebSite\",\"@id\":\"https:\\\/\\\/uniavanti.com.br\\\/portal\\\/#website\",\"url\":\"https:\\\/\\\/uniavanti.com.br\\\/portal\\\/\",\"name\":\"Uniavanti\",\"description\":\"Uniavanti sistemas de gest\u00e3o empresarial\",\"publisher\":{\"@id\":\"https:\\\/\\\/uniavanti.com.br\\\/portal\\\/#organization\"},\"potentialAction\":[{\"@type\":\"SearchAction\",\"target\":{\"@type\":\"EntryPoint\",\"urlTemplate\":\"https:\\\/\\\/uniavanti.com.br\\\/portal\\\/?s={search_term_string}\"},\"query-input\":{\"@type\":\"PropertyValueSpecification\",\"valueRequired\":true,\"valueName\":\"search_term_string\"}}],\"inLanguage\":\"pt-BR\"},{\"@type\":\"Organization\",\"@id\":\"https:\\\/\\\/uniavanti.com.br\\\/portal\\\/#organization\",\"name\":\"Uniavanti\",\"url\":\"https:\\\/\\\/uniavanti.com.br\\\/portal\\\/\",\"logo\":{\"@type\":\"ImageObject\",\"inLanguage\":\"pt-BR\",\"@id\":\"https:\\\/\\\/uniavanti.com.br\\\/portal\\\/#\\\/schema\\\/logo\\\/image\\\/\",\"url\":\"https:\\\/\\\/uniavanti.com.br\\\/portal\\\/wp-content\\\/uploads\\\/2016\\\/08\\\/uniavanti-1.ico\",\"contentUrl\":\"https:\\\/\\\/uniavanti.com.br\\\/portal\\\/wp-content\\\/uploads\\\/2016\\\/08\\\/uniavanti-1.ico\",\"caption\":\"Uniavanti\"},\"image\":{\"@id\":\"https:\\\/\\\/uniavanti.com.br\\\/portal\\\/#\\\/schema\\\/logo\\\/image\\\/\"},\"sameAs\":[\"https:\\\/\\\/www.facebook.com\\\/uniavanti\",\"https:\\\/\\\/www.instagram.com\\\/uniavanti\",\"https:\\\/\\\/br.linkedin.com\\\/company\\\/uniavanti-sistemas\"]}]}<\/script>\n<!-- \/ Yoast SEO plugin. -->","yoast_head_json":{"title":"Contabilidade - Uniavanti","robots":{"index":"index","follow":"follow","max-snippet":"max-snippet:-1","max-image-preview":"max-image-preview:large","max-video-preview":"max-video-preview:-1"},"canonical":"https:\/\/uniavanti.com.br\/portal\/contabilidade\/","og_locale":"pt_BR","og_type":"article","og_title":"Contabilidade - Uniavanti","og_description":"CONTABILIDADE Gera\u00e7\u00e3o de informa\u00e7\u00f5es para a contabilidade e o fiscal. Envio de XML, invent\u00e1rio e lan\u00e7amentos cont\u00e1beis para o seu contador direto do Uniavanti. Gera\u00e7\u00e3o e manuten\u00e7\u00e3o do SPED fiscal.","og_url":"https:\/\/uniavanti.com.br\/portal\/contabilidade\/","og_site_name":"Uniavanti","article_publisher":"https:\/\/www.facebook.com\/uniavanti","article_modified_time":"2026-02-19T14:50:50+00:00","twitter_card":"summary_large_image","twitter_misc":{"Est. tempo de leitura":"1 minuto"},"schema":{"@context":"https:\/\/schema.org","@graph":[{"@type":"WebPage","@id":"https:\/\/uniavanti.com.br\/portal\/contabilidade\/","url":"https:\/\/uniavanti.com.br\/portal\/contabilidade\/","name":"Contabilidade - Uniavanti","isPartOf":{"@id":"https:\/\/uniavanti.com.br\/portal\/#website"},"datePublished":"2016-09-04T11:19:43+00:00","dateModified":"2026-02-19T14:50:50+00:00","breadcrumb":{"@id":"https:\/\/uniavanti.com.br\/portal\/contabilidade\/#breadcrumb"},"inLanguage":"pt-BR","potentialAction":[{"@type":"ReadAction","target":["https:\/\/uniavanti.com.br\/portal\/contabilidade\/"]}]},{"@type":"BreadcrumbList","@id":"https:\/\/uniavanti.com.br\/portal\/contabilidade\/#breadcrumb","itemListElement":[{"@type":"ListItem","position":1,"name":"In\u00edcio","item":"https:\/\/uniavanti.com.br\/portal\/"},{"@type":"ListItem","position":2,"name":"Contabilidade"}]},{"@type":"WebSite","@id":"https:\/\/uniavanti.com.br\/portal\/#website","url":"https:\/\/uniavanti.com.br\/portal\/","name":"Uniavanti","description":"Uniavanti sistemas de gest\u00e3o empresarial","publisher":{"@id":"https:\/\/uniavanti.com.br\/portal\/#organization"},"potentialAction":[{"@type":"SearchAction","target":{"@type":"EntryPoint","urlTemplate":"https:\/\/uniavanti.com.br\/portal\/?s={search_term_string}"},"query-input":{"@type":"PropertyValueSpecification","valueRequired":true,"valueName":"search_term_string"}}],"inLanguage":"pt-BR"},{"@type":"Organization","@id":"https:\/\/uniavanti.com.br\/portal\/#organization","name":"Uniavanti","url":"https:\/\/uniavanti.com.br\/portal\/","logo":{"@type":"ImageObject","inLanguage":"pt-BR","@id":"https:\/\/uniavanti.com.br\/portal\/#\/schema\/logo\/image\/","url":"https:\/\/uniavanti.com.br\/portal\/wp-content\/uploads\/2016\/08\/uniavanti-1.ico","contentUrl":"https:\/\/uniavanti.com.br\/portal\/wp-content\/uploads\/2016\/08\/uniavanti-1.ico","caption":"Uniavanti"},"image":{"@id":"https:\/\/uniavanti.com.br\/portal\/#\/schema\/logo\/image\/"},"sameAs":["https:\/\/www.facebook.com\/uniavanti","https:\/\/www.instagram.com\/uniavanti","https:\/\/br.linkedin.com\/company\/uniavanti-sistemas"]}]}},"_links":{"self":[{"href":"https:\/\/uniavanti.com.br\/portal\/wp-json\/wp\/v2\/pages\/153","targetHints":{"allow":["GET"]}}],"collection":[{"href":"https:\/\/uniavanti.com.br\/portal\/wp-json\/wp\/v2\/pages"}],"about":[{"href":"https:\/\/uniavanti.com.br\/portal\/wp-json\/wp\/v2\/types\/page"}],"author":[{"embeddable":true,"href":"https:\/\/uniavanti.com.br\/portal\/wp-json\/wp\/v2\/users\/1"}],"replies":[{"embeddable":true,"href":"https:\/\/uniavanti.com.br\/portal\/wp-json\/wp\/v2\/comments?post=153"}],"version-history":[{"count":12,"href":"https:\/\/uniavanti.com.br\/portal\/wp-json\/wp\/v2\/pages\/153\/revisions"}],"predecessor-version":[{"id":1329,"href":"https:\/\/uniavanti.com.br\/portal\/wp-json\/wp\/v2\/pages\/153\/revisions\/1329"}],"wp:attachment":[{"href":"https:\/\/uniavanti.com.br\/portal\/wp-json\/wp\/v2\/media?parent=153"}],"curies":[{"name":"wp","href":"https:\/\/api.w.org\/{rel}","templated":true}]}}